{"id":67,"date":"2025-12-14T12:57:00","date_gmt":"2025-12-14T11:57:00","guid":{"rendered":"https:\/\/villamarieluise.fr\/?page_id=67"},"modified":"2025-12-14T23:37:07","modified_gmt":"2025-12-14T23:37:07","slug":"16-5-000","status":"publish","type":"page","link":"https:\/\/villamarieluise.fr\/?page_id=67","title":{"rendered":"folleto de bienvenida &#8211; espa\u00f1ol"},"content":{"rendered":"\n<h2 class=\"wp-block-heading\"><\/h2>\n\n\n\n<p>NORMAS GENERALES Y RECOMENDACIONES<\/p>\n\n\n\n<p>Hola, nos complace darle la bienvenida a nuestra casa en Los Gigantes.<\/p>\n\n\n\n<p>VILLA MARIE LUISE es una propiedad familiar, utilizada por todos los miembros de la familia durante todo el a\u00f1o y alquilada ocasionalmente cuando los ocupantes se encuentran fuera. Al no ser una propiedad de alquiler, ponemos a su disposici\u00f3n numerosos objetos personales, y otros se guardan en armarios cerrados.<\/p>\n\n\n\n<p>Le invitamos a considerar esta casa como suya.<\/p>\n\n\n\n<p>Hemos hecho todo lo posible para que sea funcional y c\u00f3moda. Actualmente se est\u00e1 construyendo una piscina, lo que podr\u00eda ocasionar algunas molestias.<\/p>\n\n\n\n<p>Le deseamos una estancia maravillosa en este hermoso lugar.<\/p>\n\n\n\n<p>\u00bfA QUI\u00c9N DEBO CONTACTAR SI TIENE ALGUNA DUDA O PREGUNTA SOBRE EL ALQUILER?<\/p>\n\n\n\n<p>Marinette y Bob: +33 649 69 85 66<\/p>\n\n\n\n<p>Correo electr\u00f3nico: Bob@1uc.net<\/p>\n\n\n\n<p>Direcci\u00f3n de la casa:<\/p>\n\n\n\n<p>Calle Flor de Pascua 22, 16A, Santiago del Teide, Tenerife<\/p>\n\n\n\n<p>Villa Marie Luise<\/p>\n\n\n\n<p>VV-38-4-0114323<\/p>\n\n\n\n<ol class=\"wp-block-list\">\n<li>Respeto a la propiedad y limpieza de la villa:<\/li>\n<\/ol>\n\n\n\n<p>Se ruega a los ocupantes que cuiden la casa como si fuera suya. La Villa Marie Luise debe dejarse limpia y ordenada, sin que se produzcan da\u00f1os en la villa ni en su mobiliario. El inquilino ser\u00e1 responsable de cualquier da\u00f1o, deterioro o p\u00e9rdida de muebles o de cualquier art\u00edculo del inventario de la villa que permanezca bajo su exclusiva custodia durante su estancia.<\/p>\n\n\n\n<p>ATENCI\u00d3N: Los cuadros de nuestro vecino, el pintor de renombre internacional Momoshi, son de gran valor. Por favor, cu\u00eddelos con esmero.<\/p>\n\n\n\n<p>1.1 Toda la vajilla proporcionada debe limpiarse a fondo y guardarse antes de su salida. No deje alimentos que no est\u00e9n bien envueltos para evitar la infestaci\u00f3n de hormigas u otros animales. Asimismo, recuerde retirar las migas que hayan quedado en el fondo de la tostadora despu\u00e9s de usarla para evitar la entrada de insectos. Por la misma raz\u00f3n, la basura, colocada en bolsas de pl\u00e1stico selladas, debe retirarse diariamente para depositarse en los contenedores municipales cercanos.<\/p>\n\n\n\n<p>1.2 Le agradecer\u00edamos que reponga los consumibles que haya utilizado (agua, cerveza, caf\u00e9, pasta, etc.).<\/p>\n\n\n\n<hr class=\"wp-block-separator has-alpha-channel-opacity\"\/>\n\n\n\n<hr class=\"wp-block-separator has-alpha-channel-opacity\"\/>\n\n\n<div class=\"wp-block-image\">\n<figure class=\"aligncenter size-large is-resized\"><img loading=\"lazy\" decoding=\"async\" width=\"576\" height=\"1024\" src=\"https:\/\/villamarieluise.fr\/wp-content\/uploads\/2025\/12\/IMG_4850-576x1024.jpeg\" alt=\"\" class=\"wp-image-171\" style=\"aspect-ratio:0.5625198854597518;width:241px;height:auto\" srcset=\"https:\/\/villamarieluise.fr\/wp-content\/uploads\/2025\/12\/IMG_4850-576x1024.jpeg 576w, https:\/\/villamarieluise.fr\/wp-content\/uploads\/2025\/12\/IMG_4850-169x300.jpeg 169w, https:\/\/villamarieluise.fr\/wp-content\/uploads\/2025\/12\/IMG_4850-768x1365.jpeg 768w, https:\/\/villamarieluise.fr\/wp-content\/uploads\/2025\/12\/IMG_4850-864x1536.jpeg 864w, https:\/\/villamarieluise.fr\/wp-content\/uploads\/2025\/12\/IMG_4850-1152x2048.jpeg 1152w, https:\/\/villamarieluise.fr\/wp-content\/uploads\/2025\/12\/IMG_4850-scaled.jpeg 1440w\" sizes=\"auto, (max-width: 576px) 100vw, 576px\" \/><\/figure>\n<\/div>\n\n\n<p><\/p>\n","protected":false},"excerpt":{"rendered":"<p>NORMAS GENERALES Y RECOMENDACIONES Hola, nos complace darle la bienvenida a nuestra casa en Los Gigantes. VILLA MARIE LUISE es una propiedad familiar, utilizada por todos los miembros de la familia durante todo el a\u00f1o y alquilada ocasionalmente cuando los ocupantes se encuentran fuera. Al no ser una propiedad de alquiler, ponemos a su disposici\u00f3n [&hellip;]<\/p>\n","protected":false},"author":1,"featured_media":0,"parent":0,"menu_order":0,"comment_status":"closed","ping_status":"closed","template":"","meta":{"footnotes":""},"class_list":["post-67","page","type-page","status-publish","hentry"],"_links":{"self":[{"href":"https:\/\/villamarieluise.fr\/index.php?rest_route=\/wp\/v2\/pages\/67","targetHints":{"allow":["GET"]}}],"collection":[{"href":"https:\/\/villamarieluise.fr\/index.php?rest_route=\/wp\/v2\/pages"}],"about":[{"href":"https:\/\/villamarieluise.fr\/index.php?rest_route=\/wp\/v2\/types\/page"}],"author":[{"embeddable":true,"href":"https:\/\/villamarieluise.fr\/index.php?rest_route=\/wp\/v2\/users\/1"}],"replies":[{"embeddable":true,"href":"https:\/\/villamarieluise.fr\/index.php?rest_route=%2Fwp%2Fv2%2Fcomments&post=67"}],"version-history":[{"count":8,"href":"https:\/\/villamarieluise.fr\/index.php?rest_route=\/wp\/v2\/pages\/67\/revisions"}],"predecessor-version":[{"id":174,"href":"https:\/\/villamarieluise.fr\/index.php?rest_route=\/wp\/v2\/pages\/67\/revisions\/174"}],"wp:attachment":[{"href":"https:\/\/villamarieluise.fr\/index.php?rest_route=%2Fwp%2Fv2%2Fmedia&parent=67"}],"curies":[{"name":"wp","href":"https:\/\/api.w.org\/{rel}","templated":true}]}}