{"id":74,"date":"2025-12-14T13:09:09","date_gmt":"2025-12-14T12:09:09","guid":{"rendered":"https:\/\/villamarieluise.fr\/?page_id=74"},"modified":"2025-12-26T16:41:31","modified_gmt":"2025-12-26T16:41:31","slug":"livret-accueil-francais","status":"publish","type":"page","link":"https:\/\/villamarieluise.fr\/?page_id=74","title":{"rendered":"Livret accueil &#8211; fran\u00e7ais"},"content":{"rendered":"\n<p>Bienvenue \u00e0 la <strong>VILLA MARIE LUISE<\/strong><\/p>\n\n\n\n<figure class=\"wp-block-image size-large\"><img loading=\"lazy\" decoding=\"async\" width=\"1024\" height=\"576\" src=\"https:\/\/villamarieluise.fr\/wp-content\/uploads\/2025\/12\/IMG_4923-1024x576.jpeg\" alt=\"\" class=\"wp-image-287\" srcset=\"https:\/\/villamarieluise.fr\/wp-content\/uploads\/2025\/12\/IMG_4923-1024x576.jpeg 1024w, https:\/\/villamarieluise.fr\/wp-content\/uploads\/2025\/12\/IMG_4923-300x169.jpeg 300w, https:\/\/villamarieluise.fr\/wp-content\/uploads\/2025\/12\/IMG_4923-768x432.jpeg 768w, https:\/\/villamarieluise.fr\/wp-content\/uploads\/2025\/12\/IMG_4923-1536x864.jpeg 1536w, https:\/\/villamarieluise.fr\/wp-content\/uploads\/2025\/12\/IMG_4923-2048x1152.jpeg 2048w, https:\/\/villamarieluise.fr\/wp-content\/uploads\/2025\/12\/IMG_4923-892x502.jpeg 892w\" sizes=\"auto, (max-width: 1024px) 100vw, 1024px\" \/><\/figure>\n\n\n\n<p>-1-<\/p>\n\n\n\n<h3 class=\"wp-block-heading has-text-align-center\">REGLEMENT GENERAL ET RECOMMANDATIONS<\/h3>\n\n\n\n<p>Bonjour, nous sommes ravis de vous accueillir dans notre maison de Los Gigantes.<\/p>\n\n\n\n<p>La <strong>VILLA MARIE LUISE<\/strong> est une propri\u00e9t\u00e9 familiale, lou\u00e9e occasionnellement quelques semaines par an, lorsque les occupants sont \u00e0 l\u2019\u00e9tranger. Comme ce n\u2019est pas une maison de rapport&nbsp;: il y a un tas d\u2019objets personnels que nous laissons \u00e0 votre disposition et d\u2019autres affaires personnelles rang\u00e9es dans des placards ferm\u00e9s.<\/p>\n\n\n\n<p>Nous vous invitons \u00e0 consid\u00e9rer cette maison comme la v\u00f4tre.<\/p>\n\n\n\n<p>Nous avons fait notre possible pour rendre cette maison op\u00e9rationnelle et agr\u00e9able \u00e0 vivre.<\/p>\n\n\n\n<p><strong>Un projet de piscine est en cours d\u2019\u00e9tude, ce qui peut pr\u00e9senter des d\u00e9sagr\u00e9ments.<\/strong><\/p>\n\n\n\n<h5 class=\"wp-block-heading\"><strong>En ce moment il y a des gros travaux dans la rue. Malheureusement nous n\u2019avons pas \u00e9t\u00e9 pr\u00e9venus. Renseignements pris, la partie du chantier devant la maison devait \u00eatre achev\u00e9e pour No\u00ebl et l\u2019acc\u00e8s au garage d\u00e9gag\u00e9. Mais c\u2019est loin d\u2019\u00eatre le cas, nous en sommes d\u00e9sol\u00e9s.<\/strong> <\/h5>\n\n\n\n<p><\/p>\n\n\n\n<p>Pour emm\u00e9nager vous pouvez garer votre voiture devant la rue en travaux. Ensuite il faudra la d\u00e9placer.<\/p>\n\n\n\n<p data-wp-context---core-fit-text=\"core\/fit-text::{&quot;fontSize&quot;:&quot;&quot;}\" data-wp-init---core-fit-text=\"core\/fit-text::callbacks.init\" data-wp-interactive data-wp-style--font-size=\"core\/fit-text::context.fontSize\" class=\"has-fit-text\"><strong>L&rsquo;acc\u00e8s \u00e0 la maison se fait en empruntant le trottoir de gauche (en descendant) et la 2\u00b0 passerelle.<\/strong><\/p>\n\n\n\n<figure class=\"wp-block-image size-large\"><img loading=\"lazy\" decoding=\"async\" width=\"1024\" height=\"619\" src=\"https:\/\/villamarieluise.fr\/wp-content\/uploads\/2025\/12\/Capture-decran-2025-12-26-a-12.28.18-1024x619.png\" alt=\"\" class=\"wp-image-312\" srcset=\"https:\/\/villamarieluise.fr\/wp-content\/uploads\/2025\/12\/Capture-decran-2025-12-26-a-12.28.18-1024x619.png 1024w, https:\/\/villamarieluise.fr\/wp-content\/uploads\/2025\/12\/Capture-decran-2025-12-26-a-12.28.18-300x181.png 300w, https:\/\/villamarieluise.fr\/wp-content\/uploads\/2025\/12\/Capture-decran-2025-12-26-a-12.28.18-768x465.png 768w, https:\/\/villamarieluise.fr\/wp-content\/uploads\/2025\/12\/Capture-decran-2025-12-26-a-12.28.18-1536x929.png 1536w, https:\/\/villamarieluise.fr\/wp-content\/uploads\/2025\/12\/Capture-decran-2025-12-26-a-12.28.18-2048x1239.png 2048w, https:\/\/villamarieluise.fr\/wp-content\/uploads\/2025\/12\/Capture-decran-2025-12-26-a-12.28.18-892x540.png 892w\" sizes=\"auto, (max-width: 1024px) 100vw, 1024px\" \/><\/figure>\n\n\n\n<p>La cl\u00e9 du jardin se trouve dans la keybox1 dont nous vous avons communiqu\u00e9 le code.<\/p>\n\n\n\n<p>La porte d&rsquo;entr\u00e9e est un peu dure \u00e0 ouvrir. Il faut tirer un peu la grille vers soi et tourner la cl\u00e9 dans le sens horaire pour ouvrir.<\/p>\n\n\n\n<p>La grande baie vitr\u00e9e restera ouverte et nous avons demand\u00e9 que les lumi\u00e8res ext\u00e9rieures restent allum\u00e9es.<\/p>\n\n\n\n<p><strong>Pour garer votre voiture, nous vous invitons \u00e0 regarder dans la calle Flamboyan, c\u2019est une impasse et il y a souvent des places libres.<\/strong><\/p>\n\n\n\n<figure class=\"wp-block-image size-full\"><img loading=\"lazy\" decoding=\"async\" width=\"908\" height=\"750\" src=\"https:\/\/villamarieluise.fr\/wp-content\/uploads\/2025\/12\/Sans-titre.png\" alt=\"\" class=\"wp-image-288\" srcset=\"https:\/\/villamarieluise.fr\/wp-content\/uploads\/2025\/12\/Sans-titre.png 908w, https:\/\/villamarieluise.fr\/wp-content\/uploads\/2025\/12\/Sans-titre-300x248.png 300w, https:\/\/villamarieluise.fr\/wp-content\/uploads\/2025\/12\/Sans-titre-768x634.png 768w, https:\/\/villamarieluise.fr\/wp-content\/uploads\/2025\/12\/Sans-titre-892x737.png 892w\" sizes=\"auto, (max-width: 908px) 100vw, 908px\" \/><\/figure>\n\n\n\n<p>Ensuite n&rsquo;h\u00e9sitez pas \u00e0 explorer et \u00e0 utiliser cette maison comme la v\u00f4tre. <\/p>\n\n\n\n<p><strong>Nous esp\u00e9rons que vous passerez un bon s\u00e9jour dans cet endroit merveilleux.<br><\/strong><\/p>\n\n\n\n<p><strong>QUI CONTACTER SI VOUS AVEZ UN SOUCI OU UNE QUESTION A PROPOS DE LA LOCATION&nbsp;?<\/strong><\/p>\n\n\n\n<p>Marinette et Bob&nbsp;: +33 649 69 85 66<\/p>\n\n\n\n<p>Mail&nbsp;: <a href=\"mailto:Bob@1uc.net\">Bob@1uc.net<\/a><\/p>\n\n\n\n<p>ADRESSE&nbsp;de la maison :<\/p>\n\n\n\n<p>16A calle Flor de Pascua 22<\/p>\n\n\n\n<p>38683 Acandilados de Los Gigantes<\/p>\n\n\n\n<p>Santiago Del Teide TENERIFE<\/p>\n\n\n\n<p>Villa <strong>MARIE LUISE<\/strong>&nbsp;: VV-38-4-0114323<\/p>\n\n\n\n<p>&nbsp;<strong>INFORMATIONS<\/strong><\/p>\n\n\n\n<p><strong>Respect de la Propri\u00e9t\u00e9 et Propret\u00e9 de la villa :<\/strong><\/p>\n\n\n\n<p>Les occupants sont pri\u00e9s de prendre soin de la maison comme de la leur. La <strong>VILLA MARIE LUISE<\/strong> doit \u00eatre laiss\u00e9e propre et rang\u00e9e sans aucun dommage \u00e0 la villa ou \u00e0 son mobilier. Le locataire sera tenu responsable pour tous les d\u00e9g\u00e2ts, d\u00e9gradations, et\/ou disparitions de mobilier ou de n\u2019importe lequel des \u00e9l\u00e9ments figurants \u00e0 l\u2019inventaire de la villa qui restent sous son contr\u00f4le exclusif pendant toute la dur\u00e9e de son s\u00e9jour.<\/p>\n\n\n\n<p>ATTENTION&nbsp;: Les tableaux r\u00e9alis\u00e9s par notre voisin le peintre MOMOSHI, de renomm\u00e9e internationale, ont une grande valeur. Prenez en grand soin.<\/p>\n\n\n\n<p>1.1Tous les \u00e9l\u00e9ments de vaisselle mis \u00e0 votre disposition devront \u00eatre parfaitement nettoy\u00e9s et rang\u00e9s \u00e0 votre d\u00e9part. Veillez \u00e0 ne pas laisser de nourriture non soigneusement empaquet\u00e9e de fa\u00e7on herm\u00e9tique pour \u00e9viter l\u2019invasion de fourmis ou autre animal. De m\u00eame, pensez \u00e0 retirer les miettes tomb\u00e9es au fond du grille-pain apr\u00e8s utilisation pour \u00e9viter d\u2019attirer des insectes. Pour les m\u00eames raisons, vos d\u00e9tritus, plac\u00e9s dans des sacs plastiques \u00e9tanches, devront \u00eatre descendus tous les jours pour \u00eatre jet\u00e9s dans les poubelles municipales \u00e0 proximit\u00e9.<\/p>\n\n\n\n<p>1.2 Nous vous serons reconnaissants de renouveler les consommables laiss\u00e9s \u00e0 votre disposition que vous avez utilis\u00e9s (eau, bi\u00e8re, caf\u00e9, pates, etc.)<\/p>\n\n\n\n<p><strong>Mobilier (Meubles, vaisselle et objets de d\u00e9coration) :<\/strong><\/p>\n\n\n\n<p>Les meubles, les tableaux, la vaisselle et les objets de d\u00e9coration ne doivent en aucun cas \u00eatre sortis de la villa.<\/p>\n\n\n\n<p><strong>Animaux et animaux de compagnie :<\/strong><\/p>\n\n\n\n<p>Absolument aucun animal, domestique (chat, chien, oiseau, etc.) n\u2019est autoris\u00e9 dans la villa. Veillez \u00e0 ne pas nourrir d\u2019oiseaux ou encore \u00e0 donner \u00e0 manger \u00e0 des animaux sauvages ou domestiques.<\/p>\n\n\n\n<p><strong>Interdiction de fumer :<\/strong><\/p>\n\n\n\n<p><strong>La VILLA MARIE LUISE est un espace totalement NON-FUMEUR. <\/strong>Il est interdit de fumer \u00e0 l\u2019int\u00e9rieur de la Villa. Les locataires peuvent n\u00e9anmoins fumer \u00e0 l\u2019ext\u00e9rieur mais en veillant \u00e0 nettoyer imm\u00e9diatement leurs cendres et \u00e0 ramasser leurs m\u00e9gots.<\/p>\n\n\n\n<p><strong>Barbecue, Grills, Feux \u2026 :<\/strong><\/p>\n\n\n\n<p>Pour les m\u00eames raisons de s\u00e9curit\u00e9, d\u2019assurance et de bon voisinage les barbecue ou grillades au feu ne sont autoris\u00e9s que dans l\u2019espace barbecue. Par ailleurs l\u2019utilisation de p\u00e9tards ou de feux d\u2019artifices est strictement interdite.<\/p>\n\n\n\n<p><strong>Clef(s)<\/strong><\/p>\n\n\n\n<p>Le boitier ext\u00e9rieur ne contient que la cl\u00e9 de la porte d\u2019entr\u00e9e ext\u00e9rieure. Les cl\u00e9s de la maison sont dans un second boitier situ\u00e9 sur le mur c\u00f4t\u00e9 ravin.<\/p>\n\n\n\n<p>Personnellement lorsque nous nous absentons pour une courte dur\u00e9e, nous laissons la maison ouverte et ne fermons que la porte donnant sur la rue.&nbsp;<\/p>\n\n\n\n<p>Lors de votre d\u00e9part, les clefs de la villa devront \u00eatre remises dans les boitiers.<\/p>\n\n\n\n<p>En cas de non remise des clefs, une retenue de 30 euros par clef non retourn\u00e9e sera factur\u00e9e.<\/p>\n\n\n\n<p><strong>Locataire(s) et occupant(s) de la Villa :<\/strong><\/p>\n\n\n\n<p>Seules des personnes physiques et adultes, responsables et de bonne moralit\u00e9 peuvent louer la <strong>VILLA MARIE LUISE<\/strong>. Elle ne peut en aucun cas \u00eatre lou\u00e9e \u00e0 des personnes de moins de 21 ans.<\/p>\n\n\n\n<p>Les r\u00e9servations effectu\u00e9es sous des pr\u00e9textes fallacieux seront sujettes \u00e0 annulation et \u00e0 la retenue de la totalit\u00e9 des paiements effectu\u00e9s ainsi qu\u2019\u00e0 l\u2019expulsion imm\u00e9diate sans pouvoir pr\u00e9tendre \u00e0 aucune compensation.<\/p>\n\n\n\n<p>La capacit\u00e9 maximale de location de la villa est de 6\/8 adultes. Dans tous les cas le nombre de personnes s\u00e9journant \u00e0 la <strong>VILLA MARIE LUISE<\/strong> ne doit pas exc\u00e9der le nombre pour lequel le prix de la location a \u00e9t\u00e9 \u00e9tabli lors de l\u2019\u00e9tablissement du devis. Le non-respect de cette disposition entrainera le paiement de 110 Euros par jour et par personne suppl\u00e9mentaire.<\/p>\n\n\n\n<p><strong>Heures d\u2019arriv\u00e9e et de d\u00e9part :<\/strong><\/p>\n\n\n\n<p><strong><u>L\u2019heure d\u2019arriv\u00e9e \u00e0 la villa est fix\u00e9e \u00e0 partir de 16 heures<\/u>.<\/strong><\/p>\n\n\n\n<p><strong><u>L\u2019heure de d\u00e9part de la villa est fix\u00e9e \u00e0 10 heures du matin<\/u>.<\/strong><\/p>\n\n\n\n<p>Veuillez \u00eatre ponctuels pour que nous puissions avoir le temps de pr\u00e9parer la villa pour nos prochains h\u00f4tes.<\/p>\n\n\n\n<p>Les arriv\u00e9es tardives ou les d\u00e9parts anticip\u00e9s ne donneront lieu \u00e0 aucun rabais ni remboursement.&nbsp;<\/p>\n\n\n\n<p><strong>Zones privatives :<\/strong><\/p>\n\n\n\n<p>Il existe des placards et des zones ferm\u00e9s \u00e0 cl\u00e9 dans la villa. S\u2019il est mis en \u00e9vidence que des serrures, des portes ou des charni\u00e8res ont \u00e9t\u00e9 forc\u00e9es, la location sera imm\u00e9diatement arr\u00eat\u00e9e et\/ou un paiement de 90 Euros sera exig\u00e9 par serrure endommag\u00e9e.<\/p>\n\n\n\n<p><strong>Linge\/Serviettes\/fournitures diverses :<\/strong><\/p>\n\n\n\n<p>Le linge de maison courant est fourni. Aucun article ne doit \u00eatre sorti de la villa. Tout article manquant ou endommag\u00e9 en dehors de l\u2019usure normale fera l\u2019objet d\u2019une facturation de 20 Euros par article endommag\u00e9 ou manquant.<\/p>\n\n\n\n<p><strong>Biens et effets personnels des locataires :<\/strong><\/p>\n\n\n\n<p>Les Propri\u00e9taires de la <strong>VILLA MARIE LUISE<\/strong> ne pourront \u00eatre tenus responsables pour les actes de vandalisme, d\u2019agression, de vol ou de toute d\u00e9gradation des biens et effets personnels des locataires laiss\u00e9s dans la villa. Tous les efforts seront faits pour renvoyer les effets personnels oubli\u00e9s par le locataire, \u00e0 ses frais, sans toutefois engager la responsabilit\u00e9 des propri\u00e9taires.<\/p>\n\n\n\n<p><strong>Eau et \u00c9lectricit\u00e9 :<\/strong><\/p>\n\n\n\n<p>L\u2019eau est une ressource limit\u00e9e sur l\u2019\u00eele. Dans un souci environnemental, merci d\u2019en faire un usage mod\u00e9r\u00e9.&nbsp;<\/p>\n\n\n\n<p><strong>Parking :<\/strong><\/p>\n\n\n\n<p>La <strong>VILLA MARIE LUISE<\/strong> dispose d\u2019un garage privatif permettant de garer plusieurs voitures. Cependant des travaux d\u2019\u00e9tanch\u00e9it\u00e9 sont en cours.<\/p>\n\n\n\n<p>La t\u00e9l\u00e9commande de la porte du garage se trouve sur une \u00e9tag\u00e8re du meuble du salon. Merci de la remettre \u00e0 sa place apr\u00e8s usage.<\/p>\n\n\n\n<h4 class=\"wp-block-heading\"><strong>TV \/ WIFI<\/strong><\/h4>\n\n\n\n<p>La villa est raccord\u00e9e au r\u00e9seau internet par c\u00e2ble et dispose d\u2019un d\u00e9bit de 600Go. Les 3 t\u00e9l\u00e9viseurs sont raccord\u00e9s en wifi au d\u00e9codeur. Vous pouvez connecter vos appareils personnels au c\u00e2ble HDMI dont dispose chaque appareil.<\/p>\n\n\n\n<p>Merci de ne pas modifier le langage et les param\u00e8tres des t\u00e9l\u00e9viseurs.<\/p>\n\n\n\n<p>Pour l\u2019acc\u00e8s aux services de streaming, merci d\u2019utiliser vos propres ressources (appareils mobiles connect\u00e9s aux t\u00e9l\u00e9visieurs).<\/p>\n\n\n\n<p>Pour vous relier au routeur WIFI les codes de connexion sont les suivants&nbsp;: <\/p>\n\n\n\n<ul class=\"wp-block-list\">\n<li>Routeur principal :  h3TTPJCKHXX9XYCTH9EN<\/li>\n<\/ul>\n\n\n\n<ul class=\"wp-block-list\">\n<li>R\u00e9p\u00e9titeur \u00e0 l\u2019\u00e9tage TP-LINK :  19348230<\/li>\n<\/ul>\n\n\n\n<p><strong>ATTENTION<\/strong> : en cas de probl\u00e8me avec le routeur (routeur Movistar), <strong>NE JAMAIS<\/strong> essayer de modifier les param\u00e8tres du routeur ou d\u2019effectuer une \u00ab remise \u00e0 z\u00e9ro \u00bb. Vous perdriez toute connexion au r\u00e9seau internet. D\u00e9branchez simplement le cordon adaptateur du routeur de la prise \u00e9lectrique, attendez 30 secondes puis rebranchez le. Attendez environ 3 minutes que le routeur se r\u00e9initialise. Le routeur est r\u00e9initialis\u00e9 lorsque les quatre voyants sont fixes et bleus.<\/p>\n\n\n\n<h4 class=\"wp-block-heading\"><strong>CUISINE<\/strong><\/h4>\n\n\n\n<p>La cuisine est \u00e9quip\u00e9e de nombreux appareils \u00e9lectriques.<\/p>\n\n\n\n<p>Les manuels sont rang\u00e9s dans un tiroir bas du meuble de cuisine.<\/p>\n\n\n\n<p>L\u2019eau potable, tr\u00e8s calcaire \u00e0 T\u00e9n\u00e9rife est filtr\u00e9e gr\u00e2ce au dispositif situ\u00e9 dans le placard lat\u00e9ral du couloir. Un second dispositif sous l\u2019\u00e9vier d\u00e9livre de l\u2019eau de boisson (petit robinet \u00e0 gauche).&nbsp;<\/p>\n\n\n\n<p>Merci de toujours bien v\u00e9rifier que les portes du freezer et du r\u00e9frig\u00e9rateur sont correctement ferm\u00e9es.<\/p>\n\n\n\n<h4 class=\"wp-block-heading\"><strong>ENTRETIEN DE LA VILLA<\/strong><\/h4>\n\n\n\n<p>Nous esp\u00e9rons que vous trouverez la Villa en tr\u00e8s bon \u00e9tat de propret\u00e9 dans la mesure o\u00f9 elle fait l\u2019objet d\u2019un nettoyage complet avant et apr\u00e8s le d\u00e9part de chacun de nos locataires.<\/p>\n\n\n\n<p>Les produits d\u2019entretien sont \u00e0 votre disposition.<\/p>\n\n\n\n<p>L\u2019entretien est assur\u00e9 par ALEXANDRA qui restera \u00e0 votre service en cas de besoin pendant votre s\u00e9jour. Son mari FRANKY peut s\u2019occuper de petits travaux en cas d\u2019urgence.<\/p>\n\n\n\n<p>Pour contacter <strong>ALEXANDRA<\/strong>\u00a0: <strong>+34602479691<\/strong><\/p>\n\n\n\n<p>Elle ne parle que l&rsquo;espagnol, habite ALCALA et se d\u00e9place avec les bus de l\u2019ile, les GUAGUA (moyen de transport tr\u00e8s pratique, station \u00e0 200m en montant vers le LIDL).<\/p>\n\n\n\n<ul class=\"wp-block-list\">\n<li>Nous contacter : MARINETTE +33668932571<\/li>\n<\/ul>\n\n\n\n<h4 class=\"wp-block-heading\">&nbsp;<strong>EAU \u2013 ELECTRICITE &#8211; JACUZZI<\/strong><\/h4>\n\n\n\n<p><\/p>\n\n\n\n<p>L\u2019arriv\u00e9e d\u2019eau se trouve dans le boitier ext\u00e9rieur pr\u00e8s de la porte d\u2019entr\u00e9e.<\/p>\n\n\n\n<p>Les tableaux \u00e9lectriques sont situ\u00e9s dans le placard du fond de couloir.<\/p>\n\n\n\n<p>Le jacuzzi, en libre acc\u00e8s, est situ\u00e9 sur le rooftop.<\/p>\n\n\n\n<p>Si n\u00e9cessaire, vous pouvez l\u2019alimenter en eau chaude\/froide gr\u00e2ce aux robinets situ\u00e9s \u00e0 proximit\u00e9 du chauffe-eau solaire.<\/p>\n\n\n\n<p>Attention : l\u2019eau chaude peut \u00eatre br\u00fblante.<\/p>\n\n\n\n<p>Apr\u00e8s usage assurez-vous que les robinets du jacuzzi sont parfaitement ferm\u00e9s.<\/p>\n\n\n\n<h4 class=\"wp-block-heading\"><strong>CLIMATISATION<\/strong>&nbsp;<\/h4>\n\n\n\n<p>Les pi\u00e8ces sont \u00e9quip\u00e9es de ventilateurs au plafond command\u00e9s par des interrupteurs et dans le salon par une t\u00e9l\u00e9commande. Compte tenu du climat \u00e0 Los Gigantes, ces dispositifs assurent une bonne climatisation toute l\u2019ann\u00e9e.<\/p>\n\n\n\n<h4 class=\"wp-block-heading\"><strong>LINGE DE MAISON<\/strong><\/h4>\n\n\n\n<p>Le nettoyage de la villa ainsi que les frais de blanchisserie (linge de lits) sont inclus dans le prix de la location.<\/p>\n\n\n\n<p>Les serviettes de bain et sont fournies. <\/p>\n\n\n\n<p>Vous disposez d\u2019un lave-linge et d\u2019un s\u00e8che-linge dans salle d\u2019eau de la grande chambre \u00e0 l\u2019\u00e9tage. Merci d\u2019utiliser exclusivement les produits de lavage mis \u00e0 votre disposition \u00e0 c\u00f4t\u00e9 du lave-linge. Le s\u00e9chage du linge est pr\u00e9f\u00e9rable \u00e0 l\u2019ext\u00e9rieur sur la terrasse.<\/p>\n\n\n\n<p><\/p>\n\n\n\n<p><strong>QUE DEVEZ-VOUS FAIRE AVANT DE QUITTER LA VILLA ?<\/strong><\/p>\n\n\n\n<p>Merci de v\u00e9rifier que les robinets sont ferm\u00e9s, les lumi\u00e8res \u00e9teintes, les portes et les fen\u00eatres de la maison correctement ferm\u00e9es. Merci de remettre les cl\u00e9s dans les bo\u00eetiers.<\/p>\n\n\n\n<p>Nous esp\u00e9rons que vous avez pass\u00e9 un bon s\u00e9jour, malgr\u00e9 les travaux en cours.<\/p>\n\n\n\n<p>Vos remarques, positives et n\u00e9gatives seront les bienvenues.<\/p>\n\n\n\n<p><\/p>\n\n\n\n<p><\/p>\n","protected":false},"excerpt":{"rendered":"<p>Bienvenue \u00e0 la VILLA MARIE LUISE -1- REGLEMENT GENERAL ET RECOMMANDATIONS Bonjour, nous sommes ravis de vous accueillir dans notre maison de Los Gigantes. La VILLA MARIE LUISE est une propri\u00e9t\u00e9 familiale, lou\u00e9e occasionnellement quelques semaines par an, lorsque les occupants sont \u00e0 l\u2019\u00e9tranger. Comme ce n\u2019est pas une maison de rapport&nbsp;: il y a [&hellip;]<\/p>\n","protected":false},"author":1,"featured_media":0,"parent":0,"menu_order":0,"comment_status":"closed","ping_status":"closed","template":"","meta":{"footnotes":""},"class_list":["post-74","page","type-page","status-publish","hentry"],"_links":{"self":[{"href":"https:\/\/villamarieluise.fr\/index.php?rest_route=\/wp\/v2\/pages\/74","targetHints":{"allow":["GET"]}}],"collection":[{"href":"https:\/\/villamarieluise.fr\/index.php?rest_route=\/wp\/v2\/pages"}],"about":[{"href":"https:\/\/villamarieluise.fr\/index.php?rest_route=\/wp\/v2\/types\/page"}],"author":[{"embeddable":true,"href":"https:\/\/villamarieluise.fr\/index.php?rest_route=\/wp\/v2\/users\/1"}],"replies":[{"embeddable":true,"href":"https:\/\/villamarieluise.fr\/index.php?rest_route=%2Fwp%2Fv2%2Fcomments&post=74"}],"version-history":[{"count":12,"href":"https:\/\/villamarieluise.fr\/index.php?rest_route=\/wp\/v2\/pages\/74\/revisions"}],"predecessor-version":[{"id":330,"href":"https:\/\/villamarieluise.fr\/index.php?rest_route=\/wp\/v2\/pages\/74\/revisions\/330"}],"wp:attachment":[{"href":"https:\/\/villamarieluise.fr\/index.php?rest_route=%2Fwp%2Fv2%2Fmedia&parent=74"}],"curies":[{"name":"wp","href":"https:\/\/api.w.org\/{rel}","templated":true}]}}